{"id":280,"date":"2026-04-11T21:25:18","date_gmt":"2026-04-11T20:25:18","guid":{"rendered":"https:\/\/merkityskeskeinen.com\/?page_id=280"},"modified":"2026-04-11T21:25:19","modified_gmt":"2026-04-11T20:25:19","slug":"filosofin-vastaanotto","status":"publish","type":"page","link":"https:\/\/merkityskeskeinen.com\/?page_id=280","title":{"rendered":"Filosofin vastaanotto"},"content":{"rendered":"\n<p>Vastaanotolla autan sinua:<\/p>\n\n\n\n<ol class=\"wp-block-list\">\n<li>argumenttiesi ja perustelujesi kriittisess\u00e4 tarkastelussa<br><\/li>\n\n\n\n<li>t\u00e4rkeiden termien ja k\u00e4sitteiden selvent\u00e4misess\u00e4, analysoinnissa ja m\u00e4\u00e4rittelyss\u00e4<br><\/li>\n\n\n\n<li>taustalla olevien oletusten tunnistamisessa ja tarkastelussa sek\u00e4 uskomustesi loogisten seurausten tunnistamisessa ja tarkastelussa<br><\/li>\n\n\n\n<li>ristiriitojen ja ep\u00e4johdonmukaisuuksien esiin tuomisessa<br><\/li>\n\n\n\n<li>perinteisten filosofisten teorioiden tutkimisessa sek\u00e4 pohtimaan niiden merkityst\u00e4\u00a0<\/li>\n<\/ol>\n\n\n\n<ol start=\"6\" class=\"wp-block-list\">\n<li>Kaikissa muissa muissa kysymyksiss\u00e4, jotka on historiallisesti tunnistettu filosofisiksi.<br><\/li>\n<\/ol>\n\n\n\n<h2 class=\"wp-block-heading\">Mit\u00e4 filosofin vastaanotto ei ole?<\/h2>\n\n\n\n<p>Kyseess\u00e4 ei ole terapia<\/p>\n\n\n\n<p>Ei sovellu henkil\u00f6ille joilla on mielenterveyden ongelmia.<\/p>\n\n\n\n<p>Ei anneta valmiita ratkaisuja<\/p>\n\n\n\n<p>Jos ongelmat ovat luonteeltaan muita kuin filosofisia autetaan l\u00f6yt\u00e4m\u00e4\u00e4n oikeanlaista apua<\/p>\n\n\n\n<p><\/p>\n\n\n\n<h2 class=\"wp-block-heading\">Filosofin vastaanotto on sinulle jos\u2026<\/h2>\n\n\n\n<p>Haluat selkeytt\u00e4 ajatteluusi jossakin asiassa<\/p>\n\n\n\n<p>Haluat pallotella ajatuksia jonkun kanssa joka uskaltaa tarttua ep\u00e4johdonmukaisuuksiin<\/p>\n\n\n\n<p>Haluat puhua el\u00e4m\u00e4n suurista kysymyksist\u00e4 mutta et tunne mit\u00e4\u00e4n uskontoa omaksesi<\/p>\n\n\n\n<p>Olet kiinnostunut filosofiasta ja haluat keskustella jostakin filosofisesta teoriasta<\/p>\n\n\n\n<h3 class=\"wp-block-heading\">Hinnat<\/h3>\n\n\n\n<p>30 min ennakkokeskekustelu 25 euro<\/p>\n\n\n\n<p>60 min 50 euro<\/p>\n\n\n\n<p>5&#215;60 min etuk\u00e4teen maksettuna 200 euro<\/p>\n","protected":false},"excerpt":{"rendered":"<p>Vastaanotolla autan sinua: Mit\u00e4 filosofin vastaanotto ei ole? Kyseess\u00e4 ei ole terapia Ei sovellu henkil\u00f6ille joilla on mielenterveyden ongelmia. Ei anneta valmiita ratkaisuja Jos ongelmat ovat luonteeltaan muita kuin filosofisia autetaan l\u00f6yt\u00e4m\u00e4\u00e4n oikeanlaista apua Filosofin vastaanotto on sinulle jos\u2026 Haluat selkeytt\u00e4 ajatteluusi jossakin asiassa Haluat pallotella ajatuksia jonkun kanssa joka uskaltaa tarttua ep\u00e4johdonmukaisuuksiin Haluat puhua&hellip;&nbsp;<a href=\"https:\/\/merkityskeskeinen.com\/?page_id=280\" class=\"\" rel=\"bookmark\">Read More &raquo;<span class=\"screen-reader-text\">Filosofin vastaanotto<\/span><\/a><\/p>\n","protected":false},"author":1,"featured_media":0,"parent":0,"menu_order":0,"comment_status":"closed","ping_status":"closed","template":"","meta":{"neve_meta_sidebar":"","neve_meta_container":"","neve_meta_enable_content_width":"","neve_meta_content_width":0,"neve_meta_title_alignment":"","neve_meta_author_avatar":"","neve_post_elements_order":"","neve_meta_disable_header":"","neve_meta_disable_footer":"","neve_meta_disable_title":"","footnotes":""},"class_list":["post-280","page","type-page","status-publish","hentry"],"_links":{"self":[{"href":"https:\/\/merkityskeskeinen.com\/index.php?rest_route=\/wp\/v2\/pages\/280","targetHints":{"allow":["GET"]}}],"collection":[{"href":"https:\/\/merkityskeskeinen.com\/index.php?rest_route=\/wp\/v2\/pages"}],"about":[{"href":"https:\/\/merkityskeskeinen.com\/index.php?rest_route=\/wp\/v2\/types\/page"}],"author":[{"embeddable":true,"href":"https:\/\/merkityskeskeinen.com\/index.php?rest_route=\/wp\/v2\/users\/1"}],"replies":[{"embeddable":true,"href":"https:\/\/merkityskeskeinen.com\/index.php?rest_route=%2Fwp%2Fv2%2Fcomments&post=280"}],"version-history":[{"count":1,"href":"https:\/\/merkityskeskeinen.com\/index.php?rest_route=\/wp\/v2\/pages\/280\/revisions"}],"predecessor-version":[{"id":281,"href":"https:\/\/merkityskeskeinen.com\/index.php?rest_route=\/wp\/v2\/pages\/280\/revisions\/281"}],"wp:attachment":[{"href":"https:\/\/merkityskeskeinen.com\/index.php?rest_route=%2Fwp%2Fv2%2Fmedia&parent=280"}],"curies":[{"name":"wp","href":"https:\/\/api.w.org\/{rel}","templated":true}]}}