{"id":23,"date":"2016-12-03T09:51:33","date_gmt":"2016-12-03T07:51:33","guid":{"rendered":"https:\/\/merkityskeskeinenkehittaminen.wordpress.com\/?page_id=7"},"modified":"2026-04-11T21:26:44","modified_gmt":"2026-04-11T20:26:44","slug":"child-page","status":"publish","type":"page","link":"https:\/\/merkityskeskeinen.com\/?page_id=23","title":{"rendered":"Palvelut"},"content":{"rendered":"<p style=\"text-align: left;\"><strong>Filosofian praktikon vastaanotto.<\/strong>\u00a0 \u00a0Filosofin vastaanotolle voit tulla pohtimaan el\u00e4m\u00e4n suuria ja pieni\u00e4 kysymyksi, Kun haluat l\u00f6yt\u00e4\u00e4 uuden suunnan el\u00e4m\u00e4llesi tai kamppailet ristiriitojen kanssa taustalla on usein luonteeltaan filosofisiua kysymyksenasetteluja. Keskustelu praktikon kanssa voi avata uusia n\u00e4k\u00f6kulmia ja auttaa n\u00e4kem\u00e4\u00e4n asiat uudenlaisessa valossa<a href=\"_wp_link_placeholder\" data-wplink-edit=\"true\">. Lue lis\u00e4\u00e4.<\/a><\/p>\n<p style=\"text-align: left;\"><strong>Dialogin j\u00e4rjest\u00e4minen ja vet\u00e4minen.<\/strong> Dialogi on antiikin ajoista l\u00e4htien ollut filosofian keskeinen mentelm\u00e4 totuuden tavoittelussa. Nykyp\u00e4iv\u00e4n\u00e4 dialogin, eli totuuteen ja \u00a0ymm\u00e4rrykseen t\u00e4ht\u00e4\u00e4v\u00e4n keskustelun, voima on j\u00e4lleen l\u00f6ydetty ja tunnistettu keskeiseksi ty\u00f6kaluksi aikamme ongelmien ratkaisemissa. Organisaatio jotka hy\u00f6dynt\u00e4v\u00e4t dialogia edist\u00e4v\u00e4t osallisuutta, resilienssi\u00e4 ja luovuutta.<\/p>\n<p style=\"text-align: left;\"><strong>Tulevaisuusty\u00f6pajan j\u00e4rjest\u00e4minen ja fasilitointi. <\/strong>Ajatuksemme tulevaisuudesta ja siit\u00e4 miten siihen voimme vaikuttaa m\u00e4\u00e4ritt\u00e4v\u00e4t mihin toimiin ryhdymme nyt. On t\u00e4rke\u00e4\u00e4 oppia tunnistamaan tulevaisuusoletuksia ja ymm\u00e4rt\u00e4m\u00e4\u00e4n niiden merkitys. Mik\u00e4 on toivottava tulevaisuus ja miten sit\u00e4 kohti menn\u00e4\u00e4n?\u00a0<\/p>\n<p style=\"text-align: left;\"><strong>Osaamisen ja sen haasteiden tunnistaminen\u00a0<\/strong>Miksi ty\u00f6mme on t\u00e4rke\u00e4\u00e4 ja mik\u00e4 tekee meist\u00e4 hyvi\u00e4 siin\u00e4? Miten muutokset vaikuttavat siihen mit\u00e4 pit\u00e4\u00e4 osata? Mit\u00e4 pit\u00e4isi osata paremmin ja mit\u00e4 voitaisiin tehd\u00e4 eri lailla? Osaamiskeskustelu on dialogia ty\u00f6n merkityksellisyydest\u00e4, asiakkaalle arvoa tuottavasta tekemisest\u00e4 ja osaamisesta<\/p>\n<p style=\"text-align: left;\"><strong>Luennot ja koulutukset\u00a0<\/strong>Aiheina esimerkiksi filosofia ja johtaminen, dialogisuus, kriittisen ajattelun ydintaidot kirjastotoiminnan kehitt\u00e4minen<\/p>\n\n\n<p><\/p>\n","protected":false},"excerpt":{"rendered":"<p>This is the child page&#8217;s excerpt<\/p>\n","protected":false},"author":2,"featured_media":0,"parent":21,"menu_order":0,"comment_status":"closed","ping_status":"closed","template":"","meta":{"neve_meta_sidebar":"","neve_meta_container":"","neve_meta_enable_content_width":"","neve_meta_content_width":0,"neve_meta_title_alignment":"","neve_meta_author_avatar":"","neve_post_elements_order":"","neve_meta_disable_header":"","neve_meta_disable_footer":"","neve_meta_disable_title":"","footnotes":""},"class_list":["post-23","page","type-page","status-publish","hentry"],"_links":{"self":[{"href":"https:\/\/merkityskeskeinen.com\/index.php?rest_route=\/wp\/v2\/pages\/23","targetHints":{"allow":["GET"]}}],"collection":[{"href":"https:\/\/merkityskeskeinen.com\/index.php?rest_route=\/wp\/v2\/pages"}],"about":[{"href":"https:\/\/merkityskeskeinen.com\/index.php?rest_route=\/wp\/v2\/types\/page"}],"author":[{"embeddable":true,"href":"https:\/\/merkityskeskeinen.com\/index.php?rest_route=\/wp\/v2\/users\/2"}],"replies":[{"embeddable":true,"href":"https:\/\/merkityskeskeinen.com\/index.php?rest_route=%2Fwp%2Fv2%2Fcomments&post=23"}],"version-history":[{"count":7,"href":"https:\/\/merkityskeskeinen.com\/index.php?rest_route=\/wp\/v2\/pages\/23\/revisions"}],"predecessor-version":[{"id":283,"href":"https:\/\/merkityskeskeinen.com\/index.php?rest_route=\/wp\/v2\/pages\/23\/revisions\/283"}],"up":[{"embeddable":true,"href":"https:\/\/merkityskeskeinen.com\/index.php?rest_route=\/wp\/v2\/pages\/21"}],"wp:attachment":[{"href":"https:\/\/merkityskeskeinen.com\/index.php?rest_route=%2Fwp%2Fv2%2Fmedia&parent=23"}],"curies":[{"name":"wp","href":"https:\/\/api.w.org\/{rel}","templated":true}]}}