{"id":21,"date":"2016-12-03T09:51:35","date_gmt":"2016-12-03T07:51:35","guid":{"rendered":"https:\/\/merkityskeskeinenkehittaminen.wordpress.com\/?page_id=5"},"modified":"2024-12-26T08:17:20","modified_gmt":"2024-12-26T08:17:20","slug":"welcome","status":"publish","type":"page","link":"https:\/\/merkityskeskeinen.com\/?page_id=21","title":{"rendered":"Mit\u00e4 on merkityskeskeinen kehitt\u00e4minen?"},"content":{"rendered":"<p>Merkityskeskeinen kehitt\u00e4minen l\u00e4htee ajatuksesta, ett\u00e4 k\u00e4sitteemme ja merkitykset jotka asioilla annamme m\u00e4\u00e4rittelev\u00e4t keskin\u00e4isi\u00e4 suhteitamme ja yht\u00e4 lailla k\u00e4sitteemme perustuvat jaetuille k\u00e4ytt\u00e4ytymisoletuksille. Sosiaalisessa suhteessa oleminen tarkoittaa ett\u00e4 osaa toimia tietyll\u00e4 tavalla ja my\u00f6s osaa odottaa tietynlaisia reaktioita niilt\u00e4 joiden kanssa vuorovaikuttaa. Palvelut ovat sosiaalisia suhteita joihin liittyy monimutkaisia molemminpuolisia odotuksia. Yhdess\u00e4 n\u00e4ist\u00e4 muodostuu palvelun merkitys.\u00a0\u00a0 Onko se sama sen tarjoajalle ja k\u00e4ytt\u00e4j\u00e4lle? Miten n\u00e4iden kohtaamista voitaisiin edist\u00e4\u00e4? Miten julkiset palveluiden vaikuttavuus toteutuisi mahdollisimman hyvin? Miten ty\u00f6paikalla esimies ja alainen kokevat suhteensa ja yhdess\u00e4 toteuttamansa teht\u00e4v\u00e4n?<\/p>\n<p>Merkityskeskeisess\u00e4 kehitt\u00e4miss\u00e4 pyrit\u00e4\u00e4n k\u00e4sitteelist\u00e4m\u00e4\u00e4n osallistujien taustaoletuksia ja -odotuksia ja keskustelemaan n\u00e4ist\u00e4 ei-hierarkkisisissa tilanteessa jossa kaikki osapuolet pyrkiv\u00e4t aidosti ymm\u00e4rt\u00e4m\u00e4\u00e4n toisiaan ja sit\u00e4 kautta ratkaisemaan ongelmia joita molemmat osapuolet voivat vapaasti nostaa keskustelun kohteeksi. K\u00e4yt\u00e4nt\u00f6\u00f6n perustuva dialogi on mekityskeskeisen kehitt\u00e4misen ytimess\u00e4. Merkityskeskeinen kehitt\u00e4minen pyrkii vaalimaan ja lis\u00e4\u00e4m\u00e4\u00e4n toimijoiden omistajuutta ongelmiinsa, ei pakottamaan niit\u00e4 vieraaseen viitekehyksen.<\/p>\n<p>K\u00e4sitteellisyyden ja dialogisuuden kautta merkityskeskeinen kehitt\u00e4minen linkittyy vahvasti filosofiaan ja erityisesti sokraattiseen traditioon. Aivan kuten sokrattisessa filosofiassa, my\u00f6s merkityskeskeisess\u00e4 kehitt\u00e4misess\u00e4 ajatellaan yhdess\u00e4, avoimesti ja kriittisesti ja pyrit\u00e4\u00e4n sit\u00e4 kautta parempaan ymm\u00e4rr\u00e4kseen siit\u00e4 mit\u00e4 oikein ajattelemme, mit\u00e4 k\u00e4sitteemme oikein tarkoittavat ja mihin uskomuksemme meit\u00e4 oikein velvoittavat. T\u00e4m\u00e4 voi tuntua kaukaiselta konkreettisen kehitt\u00e4misen n\u00e4k\u00f6kulmasta, mutta maailmassa jossa sy\u00f6ksymme autopilotilla ja laput silmill\u00e4 yh\u00e4 tehokkaammin kohti systeemist\u00e4 romahdusta, ei ole mit\u00e4\u00e4n t\u00e4rke\u00e4mp\u00e4\u00e4 kuin pys\u00e4hty\u00e4 kysym\u00e4\u00e4n mit\u00e4 olemme tekem\u00e4ss\u00e4 ja miksi.<\/p>\n","protected":false},"excerpt":{"rendered":"<p>This is the home page&#8217;s excerpt<\/p>\n","protected":false},"author":2,"featured_media":27,"parent":0,"menu_order":1,"comment_status":"closed","ping_status":"closed","template":"","meta":{"neve_meta_sidebar":"","neve_meta_container":"","neve_meta_enable_content_width":"","neve_meta_content_width":0,"neve_meta_title_alignment":"","neve_meta_author_avatar":"","neve_post_elements_order":"","neve_meta_disable_header":"","neve_meta_disable_footer":"","neve_meta_disable_title":"","footnotes":""},"class_list":["post-21","page","type-page","status-publish","has-post-thumbnail","hentry"],"_links":{"self":[{"href":"https:\/\/merkityskeskeinen.com\/index.php?rest_route=\/wp\/v2\/pages\/21","targetHints":{"allow":["GET"]}}],"collection":[{"href":"https:\/\/merkityskeskeinen.com\/index.php?rest_route=\/wp\/v2\/pages"}],"about":[{"href":"https:\/\/merkityskeskeinen.com\/index.php?rest_route=\/wp\/v2\/types\/page"}],"author":[{"embeddable":true,"href":"https:\/\/merkityskeskeinen.com\/index.php?rest_route=\/wp\/v2\/users\/2"}],"replies":[{"embeddable":true,"href":"https:\/\/merkityskeskeinen.com\/index.php?rest_route=%2Fwp%2Fv2%2Fcomments&post=21"}],"version-history":[{"count":3,"href":"https:\/\/merkityskeskeinen.com\/index.php?rest_route=\/wp\/v2\/pages\/21\/revisions"}],"predecessor-version":[{"id":240,"href":"https:\/\/merkityskeskeinen.com\/index.php?rest_route=\/wp\/v2\/pages\/21\/revisions\/240"}],"wp:featuredmedia":[{"embeddable":true,"href":"https:\/\/merkityskeskeinen.com\/index.php?rest_route=\/wp\/v2\/menu-items\/27"}],"wp:attachment":[{"href":"https:\/\/merkityskeskeinen.com\/index.php?rest_route=%2Fwp%2Fv2%2Fmedia&parent=21"}],"curies":[{"name":"wp","href":"https:\/\/api.w.org\/{rel}","templated":true}]}}